{"id":35,"date":"2025-10-13T19:22:32","date_gmt":"2025-10-13T17:22:32","guid":{"rendered":"https:\/\/alga01.fr\/?page_id=35"},"modified":"2025-10-15T15:56:29","modified_gmt":"2025-10-15T13:56:29","slug":"mes-qualites","status":"publish","type":"page","link":"https:\/\/alga01.fr\/","title":{"rendered":"Mes valeurs"},"content":{"rendered":"\n<div class=\"wp-block-group is-nowrap is-layout-flex wp-container-core-group-is-layout-ad2f72ca wp-block-group-is-layout-flex\">\n<p>J&rsquo;ai une grande capacit\u00e9 d&rsquo;adaptation, et je suis polyvalente, r\u00e9active, autonome, organis\u00e9e et rigoureuse.<br>Je vous garantis un travail de qualit\u00e9, tout en respectant la confidentialit\u00e9 de vos donn\u00e9es.<br>Aujourd&rsquo;hui, je souhaite offrir mes comp\u00e9tences et mettre \u00e0 profit mes connaissances \u00e0 un autre public qui me fera confiance.<\/p>\n\n\n\n<figure class=\"wp-block-image size-full\"><img loading=\"lazy\" decoding=\"async\" width=\"280\" height=\"582\" src=\"https:\/\/alga01.fr\/wp-content\/uploads\/2025\/10\/Capture-decran-2025-10-13-193806.png\" alt=\"\" class=\"wp-image-61\" srcset=\"https:\/\/alga01.fr\/wp-content\/uploads\/2025\/10\/Capture-decran-2025-10-13-193806.png 280w, https:\/\/alga01.fr\/wp-content\/uploads\/2025\/10\/Capture-decran-2025-10-13-193806-144x300.png 144w\" sizes=\"auto, (max-width: 280px) 100vw, 280px\" \/><\/figure>\n<\/div>\n\n\n\n<div class=\"wp-block-cover is-light is-layout-constrained wp-block-cover-is-layout-constrained\"><span aria-hidden=\"true\" class=\"wp-block-cover__background has-white-background-color has-background-dim-100 has-background-dim\"><\/span><div class=\"wp-block-cover__inner-container\"><\/div><\/div>\n","protected":false},"excerpt":{"rendered":"<p>J&rsquo;ai une grande capacit\u00e9 d&rsquo;adaptation, et je suis polyvalente, r\u00e9active, autonome, organis\u00e9e et rigoureuse.Je vous garantis un travail de qualit\u00e9, tout en respectant la confidentialit\u00e9 de vos donn\u00e9es.Aujourd&rsquo;hui, je souhaite offrir mes comp\u00e9tences et mettre \u00e0 profit mes connaissances \u00e0 un autre public qui me fera confiance.<\/p>\n","protected":false},"author":1,"featured_media":0,"parent":0,"menu_order":0,"comment_status":"closed","ping_status":"closed","template":"","meta":{"footnotes":""},"class_list":["post-35","page","type-page","status-publish","hentry"],"_links":{"self":[{"href":"https:\/\/alga01.fr\/index.php?rest_route=\/wp\/v2\/pages\/35","targetHints":{"allow":["GET"]}}],"collection":[{"href":"https:\/\/alga01.fr\/index.php?rest_route=\/wp\/v2\/pages"}],"about":[{"href":"https:\/\/alga01.fr\/index.php?rest_route=\/wp\/v2\/types\/page"}],"author":[{"embeddable":true,"href":"https:\/\/alga01.fr\/index.php?rest_route=\/wp\/v2\/users\/1"}],"replies":[{"embeddable":true,"href":"https:\/\/alga01.fr\/index.php?rest_route=%2Fwp%2Fv2%2Fcomments&post=35"}],"version-history":[{"count":6,"href":"https:\/\/alga01.fr\/index.php?rest_route=\/wp\/v2\/pages\/35\/revisions"}],"predecessor-version":[{"id":84,"href":"https:\/\/alga01.fr\/index.php?rest_route=\/wp\/v2\/pages\/35\/revisions\/84"}],"wp:attachment":[{"href":"https:\/\/alga01.fr\/index.php?rest_route=%2Fwp%2Fv2%2Fmedia&parent=35"}],"curies":[{"name":"wp","href":"https:\/\/api.w.org\/{rel}","templated":true}]}}