{"id":34,"date":"2025-10-13T19:22:32","date_gmt":"2025-10-13T17:22:32","guid":{"rendered":"https:\/\/alga01.fr\/?page_id=34"},"modified":"2025-10-13T19:35:05","modified_gmt":"2025-10-13T17:35:05","slug":"mes-competences","status":"publish","type":"page","link":"https:\/\/alga01.fr\/?page_id=34","title":{"rendered":"Mes comp\u00e9tences"},"content":{"rendered":"\n<p><strong>Administratives<\/strong><br>Accueil t\u00e9l\u00e9phonique<br>R\u00e9daction de courriers<br>Prise de commandes<br>Suivi des dossiers (clients et des fournisseurs)<\/p>\n\n\n\n<p><br><strong>Commerciales<\/strong><br>Accueil physique<br>Cr\u00e9ation de documents (brochure, catalogue\u2026)<br>Gestion des plannings<br>Relance client\u00e8le<br>Suivi des fiches prospects<br>Gestion des salons et foires<br>Suivi des ventes (statistiques)<br>Gestion et mise \u00e0 jour d&rsquo;un site Internet<\/p>\n\n\n\n<p><br><strong>Comptables<\/strong><br>Rapprochements bancaires<br>Suivi des factures et des devis<br>Etablissement de devis, facture, avoir \u2026.<br>Suivi de la comptabilit\u00e9<br>Suivi de caisse, des remises en banque \u2026<br>Suivi et demande des subventions r\u00e9gion, d\u00e9partement\u2026<\/p>\n\n\n\n<p><strong>Promotion immobili\u00e8re:<\/strong><br>suivi commercialisation et gestion des r\u00e9seaux de partenaires<br>Relation client\u00e8le : organisation et gestion des rendez-vous clients (choix de prestations, visites cloisons, pr\u00e9 livraisons et livraisons, et service apr\u00e8s-vente)<br>Gestion administrative des ventes : de la r\u00e9servation \u00e0 l\u2019acte de vente (en relation avec les partenaires commerciaux, les banques, les assurances, les notaires\u2026)<br>Suivi administratif et financier<br>Suivi des documents administratifs techniques (dossiers administratifs)<br>Suivi op\u00e9rationnel (Suivi PC, suivi du projet administratif et financier, organisation livraison et r\u00e9ception, Relation avec les entreprises)<\/p>\n\n\n\n<p><strong>Informatiques:<\/strong><br>Pack office<br>Logiciel de promotion SALVIA<br>Logiciel de comptabilit\u00e9 CEGID<br>Logiciel de Gestion commerciale EBP<br>Adaptation possible \u00e0 d\u2019autres outils<\/p>\n","protected":false},"excerpt":{"rendered":"<p>AdministrativesAccueil t\u00e9l\u00e9phoniqueR\u00e9daction de courriersPrise de commandesSuivi des dossiers (clients et des fournisseurs) CommercialesAccueil physiqueCr\u00e9ation de documents (brochure, catalogue\u2026)Gestion des planningsRelance client\u00e8leSuivi des fiches prospectsGestion des salons et foiresSuivi des ventes (statistiques)Gestion et mise \u00e0 jour d&rsquo;un site Internet ComptablesRapprochements bancairesSuivi des factures et des devisEtablissement de devis, facture, avoir \u2026.Suivi de la comptabilit\u00e9Suivi de caisse, &hellip; <\/p>\n<p class=\"link-more\"><a href=\"https:\/\/alga01.fr\/?page_id=34\" class=\"more-link\">Continuer la lecture<span class=\"screen-reader-text\"> de &laquo;&nbsp;Mes comp\u00e9tences&nbsp;&raquo;<\/span><\/a><\/p>\n","protected":false},"author":1,"featured_media":0,"parent":0,"menu_order":0,"comment_status":"closed","ping_status":"closed","template":"","meta":{"footnotes":""},"class_list":["post-34","page","type-page","status-publish","hentry"],"_links":{"self":[{"href":"https:\/\/alga01.fr\/index.php?rest_route=\/wp\/v2\/pages\/34","targetHints":{"allow":["GET"]}}],"collection":[{"href":"https:\/\/alga01.fr\/index.php?rest_route=\/wp\/v2\/pages"}],"about":[{"href":"https:\/\/alga01.fr\/index.php?rest_route=\/wp\/v2\/types\/page"}],"author":[{"embeddable":true,"href":"https:\/\/alga01.fr\/index.php?rest_route=\/wp\/v2\/users\/1"}],"replies":[{"embeddable":true,"href":"https:\/\/alga01.fr\/index.php?rest_route=%2Fwp%2Fv2%2Fcomments&post=34"}],"version-history":[{"count":2,"href":"https:\/\/alga01.fr\/index.php?rest_route=\/wp\/v2\/pages\/34\/revisions"}],"predecessor-version":[{"id":58,"href":"https:\/\/alga01.fr\/index.php?rest_route=\/wp\/v2\/pages\/34\/revisions\/58"}],"wp:attachment":[{"href":"https:\/\/alga01.fr\/index.php?rest_route=%2Fwp%2Fv2%2Fmedia&parent=34"}],"curies":[{"name":"wp","href":"https:\/\/api.w.org\/{rel}","templated":true}]}}