{"id":25,"date":"2025-10-13T19:22:32","date_gmt":"2025-10-13T17:22:32","guid":{"rendered":"https:\/\/alga01.fr\/?page_id=25"},"modified":"2025-10-15T16:05:12","modified_gmt":"2025-10-15T14:05:12","slug":"une-section-de-page-daccueil","status":"publish","type":"page","link":"https:\/\/alga01.fr\/?page_id=25","title":{"rendered":"Bienvenu!"},"content":{"rendered":"\n<p>Bienvenu sur mon site internet d&rsquo;assistante administrative ind\u00e9pendante.<\/p>\n\n\n\n<p>Alli\u00e9e de confiance des auto-entrepreneurs et TPE dans le 01 et 69<\/p>\n\n\n\n<p><br>Gain de temps<br>Activit\u00e9 optimis\u00e9e<br>S\u00e9r\u00e9nit\u00e9<\/p>\n\n\n\n<p><\/p>\n\n\n\n<p><br>Vous trouverez toutes les informations me concernant:<\/p>\n\n\n\n<p>Mon exp\u00e9rience,<\/p>\n\n\n\n<p>Mes comp\u00e9tences,<\/p>\n\n\n\n<p>Mes services d\u2019assistante externalis\u00e9e en pr\u00e9sentiel ou en distanciel<\/p>\n\n\n\n<p>Bonne d\u00e9couverte!<\/p>\n","protected":false},"excerpt":{"rendered":"<p>Bienvenu sur mon site internet d&rsquo;assistante administrative ind\u00e9pendante. Alli\u00e9e de confiance des auto-entrepreneurs et TPE dans le 01 et 69 Gain de tempsActivit\u00e9 optimis\u00e9eS\u00e9r\u00e9nit\u00e9 Vous trouverez toutes les informations me concernant: Mon exp\u00e9rience, Mes comp\u00e9tences, Mes services d\u2019assistante externalis\u00e9e en pr\u00e9sentiel ou en distanciel Bonne d\u00e9couverte!<\/p>\n","protected":false},"author":1,"featured_media":0,"parent":0,"menu_order":0,"comment_status":"closed","ping_status":"closed","template":"","meta":{"footnotes":""},"class_list":["post-25","page","type-page","status-publish","hentry"],"_links":{"self":[{"href":"https:\/\/alga01.fr\/index.php?rest_route=\/wp\/v2\/pages\/25","targetHints":{"allow":["GET"]}}],"collection":[{"href":"https:\/\/alga01.fr\/index.php?rest_route=\/wp\/v2\/pages"}],"about":[{"href":"https:\/\/alga01.fr\/index.php?rest_route=\/wp\/v2\/types\/page"}],"author":[{"embeddable":true,"href":"https:\/\/alga01.fr\/index.php?rest_route=\/wp\/v2\/users\/1"}],"replies":[{"embeddable":true,"href":"https:\/\/alga01.fr\/index.php?rest_route=%2Fwp%2Fv2%2Fcomments&post=25"}],"version-history":[{"count":3,"href":"https:\/\/alga01.fr\/index.php?rest_route=\/wp\/v2\/pages\/25\/revisions"}],"predecessor-version":[{"id":86,"href":"https:\/\/alga01.fr\/index.php?rest_route=\/wp\/v2\/pages\/25\/revisions\/86"}],"wp:attachment":[{"href":"https:\/\/alga01.fr\/index.php?rest_route=%2Fwp%2Fv2%2Fmedia&parent=25"}],"curies":[{"name":"wp","href":"https:\/\/api.w.org\/{rel}","templated":true}]}}